{"id":7594,"date":"2022-05-24T10:04:23","date_gmt":"2022-05-24T08:04:23","guid":{"rendered":"https:\/\/sedna-v2.acc.unframed.app\/?post_type=product&#038;p=7594"},"modified":"2022-05-24T11:06:04","modified_gmt":"2022-05-24T09:06:04","slug":"opbergsysteem-chemicalieen","status":"publish","type":"product","link":"https:\/\/sednacontainers.wp-test.unframed.app\/en\/winkel\/accessories\/container-parts\/storage-system-chemicals-and\/","title":{"rendered":"Storage system - Chemicals"},"content":{"rendered":"<p>Working with hazardous substances and chemicals is becoming increasingly rare due to applicable laws and regulations. Nevertheless, as a company you sometimes have to store chemicals. SEDNA supplies special storage systems for chemicals, allowing you to store and transport these hazardous substances in a container as safely as possible. The storage system is designed to minimise the risk of fire and the spread of harmful substances. The storage system features shelving with sufficient space, which is mandatory when storing chemicals. By storing chemicals in containers in this way, you avoid the risk of soil contamination should a hazardous substance be released into the container.<\/p>\n<p>What kind of hazardous goods storage system you need depends on the type of container you want to use it for. Make a price request through our website now and you will get a tailor-made quote as soon as possible.<\/p>","protected":false},"excerpt":{"rendered":"<p>Werken met gevaarlijke stoffen en chemicali\u00ebn komt door geldende wet- en regelgeving steeds minder vaak voor. Toch ontkom je er als bedrijf soms niet aan chemicali\u00ebn op te moeten slaan. SEDNA levert speciale opbergsystemen voor chemicali\u00ebn, waarmee je deze gevaarlijke stoffen zo veilig mogelijk in een container kan bewaren en vervoeren. Het opbergsysteem is zodanig [&hellip;]<\/p>","protected":false},"featured_media":6758,"comment_status":"closed","ping_status":"closed","template":"","meta":{"content-type":""},"product_cat":[57,58],"product_tag":[],"kopen_of_huren_tax":[565],"lengte":[],"nieuw_of_gebruikt_tax":[138],"locatie":[],"acf":[],"yoast_head":"<!-- This site is optimized with the Yoast SEO Premium plugin v19.1 (Yoast SEO v22.0) - https:\/\/yoast.com\/wordpress\/plugins\/seo\/ -->\n<title>Opbergsysteem - Chemicalie\u00ebn &#8212; Sedna Containers<\/title>\n<meta name=\"description\" content=\"Op zoek naar een Opbergsysteem - Chemicalie\u00ebn? Bij SEDNA Containers hebben we een grote voorraad voor de verkoop &amp; verhuur. Wil je een container aanpassen naar jouw wensen?\" \/>\n<meta name=\"robots\" content=\"noindex, follow, max-snippet:-1, max-image-preview:large, max-video-preview:-1\" \/>\n<meta property=\"og:locale\" content=\"en_GB\" \/>\n<meta property=\"og:type\" content=\"article\" \/>\n<meta property=\"og:title\" content=\"Opbergsysteem - Chemicalie\u00ebn\" \/>\n<meta property=\"og:description\" content=\"Werken met gevaarlijke stoffen en chemicali\u00ebn komt door geldende wet- en regelgeving steeds minder vaak voor. Toch ontkom je er als bedrijf soms niet aan\" \/>\n<meta property=\"og:url\" content=\"https:\/\/sednacontainers.wp-test.unframed.app\/en\/winkel\/accessories\/container-parts\/storage-system-chemicals-and\/\" \/>\n<meta property=\"og:site_name\" content=\"Sedna Containers\" \/>\n<meta property=\"article:publisher\" content=\"https:\/\/www.facebook.com\/SEDNAcontainers\/\" \/>\n<meta property=\"article:modified_time\" content=\"2022-05-24T09:06:04+00:00\" \/>\n<meta property=\"og:image\" content=\"https:\/\/sednacontainers.wp-test.unframed.app\/app\/uploads\/2022\/05\/DSC_0134-scaled-1.jpg\" \/>\n\t<meta property=\"og:image:width\" content=\"2560\" \/>\n\t<meta property=\"og:image:height\" content=\"1707\" \/>\n\t<meta property=\"og:image:type\" content=\"image\/jpeg\" \/>\n<meta name=\"twitter:card\" content=\"summary_large_image\" \/>\n<meta name=\"twitter:label1\" content=\"Est. reading time\" \/>\n\t<meta name=\"twitter:data1\" content=\"1 minute\" \/>\n<script type=\"application\/ld+json\" class=\"yoast-schema-graph\">{\"@context\":\"https:\/\/schema.org\",\"@graph\":[{\"@type\":\"WebPage\",\"@id\":\"https:\/\/sednacontainers.wp-test.unframed.app\/winkel\/accessoires\/container-parts\/opbergsysteem-chemicalieen\/\",\"url\":\"https:\/\/sednacontainers.wp-test.unframed.app\/winkel\/accessoires\/container-parts\/opbergsysteem-chemicalieen\/\",\"name\":\"Opbergsysteem - Chemicalie\u00ebn &#8212; Sedna Containers\",\"isPartOf\":{\"@id\":\"https:\/\/sednacontainers.wp-test.unframed.app\/#website\"},\"datePublished\":\"2022-05-24T08:04:23+00:00\",\"dateModified\":\"2022-05-24T09:06:04+00:00\",\"description\":\"Op zoek naar een Opbergsysteem - Chemicalie\u00ebn? Bij SEDNA Containers hebben we een grote voorraad voor de verkoop & verhuur. Wil je een container aanpassen naar jouw wensen?\",\"breadcrumb\":{\"@id\":\"https:\/\/sednacontainers.wp-test.unframed.app\/winkel\/accessoires\/container-parts\/opbergsysteem-chemicalieen\/#breadcrumb\"},\"inLanguage\":\"en-GB\",\"potentialAction\":[{\"@type\":\"ReadAction\",\"target\":[\"https:\/\/sednacontainers.wp-test.unframed.app\/winkel\/accessoires\/container-parts\/opbergsysteem-chemicalieen\/\"]}]},{\"@type\":\"BreadcrumbList\",\"@id\":\"https:\/\/sednacontainers.wp-test.unframed.app\/winkel\/accessoires\/container-parts\/opbergsysteem-chemicalieen\/#breadcrumb\",\"itemListElement\":[{\"@type\":\"ListItem\",\"position\":1,\"name\":\"Home\",\"item\":\"https:\/\/sednacontainers.wp-test.unframed.app\/\"},{\"@type\":\"ListItem\",\"position\":2,\"name\":\"Winkel\",\"item\":\"https:\/\/sednacontainers.wp-test.unframed.app\/winkel\/\"},{\"@type\":\"ListItem\",\"position\":3,\"name\":\"Opbergsysteem &#8211; Chemicalie\u00ebn\"}]},{\"@type\":\"WebSite\",\"@id\":\"https:\/\/sednacontainers.wp-test.unframed.app\/#website\",\"url\":\"https:\/\/sednacontainers.wp-test.unframed.app\/\",\"name\":\"Sedna Containers\",\"description\":\"Verkoop en verhuur van allerlei type containers\",\"publisher\":{\"@id\":\"https:\/\/sednacontainers.wp-test.unframed.app\/#organization\"},\"potentialAction\":[{\"@type\":\"SearchAction\",\"target\":{\"@type\":\"EntryPoint\",\"urlTemplate\":\"https:\/\/sednacontainers.wp-test.unframed.app\/?s={search_term_string}\"},\"query-input\":\"required name=search_term_string\"}],\"inLanguage\":\"en-GB\"},{\"@type\":\"Organization\",\"@id\":\"https:\/\/sednacontainers.wp-test.unframed.app\/#organization\",\"name\":\"SEDNA Containers\",\"url\":\"https:\/\/sednacontainers.wp-test.unframed.app\/\",\"logo\":{\"@type\":\"ImageObject\",\"inLanguage\":\"en-GB\",\"@id\":\"https:\/\/sednacontainers.wp-test.unframed.app\/#\/schema\/logo\/image\/\",\"url\":\"https:\/\/www.sednacontainers.com\/wp-content\/uploads\/2022\/05\/Sedna-S-logo.jpg\",\"contentUrl\":\"https:\/\/www.sednacontainers.com\/wp-content\/uploads\/2022\/05\/Sedna-S-logo.jpg\",\"width\":306,\"height\":345,\"caption\":\"SEDNA Containers\"},\"image\":{\"@id\":\"https:\/\/sednacontainers.wp-test.unframed.app\/#\/schema\/logo\/image\/\"},\"sameAs\":[\"https:\/\/www.facebook.com\/SEDNAcontainers\/\",\"https:\/\/www.linkedin.com\/company\/sedna-containers-b-v-\/\"]}]}<\/script>\n<!-- \/ Yoast SEO Premium plugin. -->","yoast_head_json":{"title":"Opbergsysteem - Chemicalie\u00ebn &#8212; Sedna Containers","description":"Op zoek naar een Opbergsysteem - Chemicalie\u00ebn? Bij SEDNA Containers hebben we een grote voorraad voor de verkoop & verhuur. Wil je een container aanpassen naar jouw wensen?","robots":{"index":"noindex","follow":"follow","max-snippet":"max-snippet:-1","max-image-preview":"max-image-preview:large","max-video-preview":"max-video-preview:-1"},"og_locale":"en_GB","og_type":"article","og_title":"Opbergsysteem - Chemicalie\u00ebn","og_description":"Werken met gevaarlijke stoffen en chemicali\u00ebn komt door geldende wet- en regelgeving steeds minder vaak voor. Toch ontkom je er als bedrijf soms niet aan","og_url":"https:\/\/sednacontainers.wp-test.unframed.app\/en\/winkel\/accessories\/container-parts\/storage-system-chemicals-and\/","og_site_name":"Sedna Containers","article_publisher":"https:\/\/www.facebook.com\/SEDNAcontainers\/","article_modified_time":"2022-05-24T09:06:04+00:00","og_image":[{"width":2560,"height":1707,"url":"https:\/\/sednacontainers.wp-test.unframed.app\/app\/uploads\/2022\/05\/DSC_0134-scaled-1.jpg","type":"image\/jpeg"}],"twitter_card":"summary_large_image","twitter_misc":{"Est. reading time":"1 minute"},"schema":{"@context":"https:\/\/schema.org","@graph":[{"@type":"WebPage","@id":"https:\/\/sednacontainers.wp-test.unframed.app\/winkel\/accessoires\/container-parts\/opbergsysteem-chemicalieen\/","url":"https:\/\/sednacontainers.wp-test.unframed.app\/winkel\/accessoires\/container-parts\/opbergsysteem-chemicalieen\/","name":"Opbergsysteem - Chemicalie\u00ebn &#8212; Sedna Containers","isPartOf":{"@id":"https:\/\/sednacontainers.wp-test.unframed.app\/#website"},"datePublished":"2022-05-24T08:04:23+00:00","dateModified":"2022-05-24T09:06:04+00:00","description":"Op zoek naar een Opbergsysteem - Chemicalie\u00ebn? Bij SEDNA Containers hebben we een grote voorraad voor de verkoop & verhuur. Wil je een container aanpassen naar jouw wensen?","breadcrumb":{"@id":"https:\/\/sednacontainers.wp-test.unframed.app\/winkel\/accessoires\/container-parts\/opbergsysteem-chemicalieen\/#breadcrumb"},"inLanguage":"en-GB","potentialAction":[{"@type":"ReadAction","target":["https:\/\/sednacontainers.wp-test.unframed.app\/winkel\/accessoires\/container-parts\/opbergsysteem-chemicalieen\/"]}]},{"@type":"BreadcrumbList","@id":"https:\/\/sednacontainers.wp-test.unframed.app\/winkel\/accessoires\/container-parts\/opbergsysteem-chemicalieen\/#breadcrumb","itemListElement":[{"@type":"ListItem","position":1,"name":"Home","item":"https:\/\/sednacontainers.wp-test.unframed.app\/"},{"@type":"ListItem","position":2,"name":"Winkel","item":"https:\/\/sednacontainers.wp-test.unframed.app\/winkel\/"},{"@type":"ListItem","position":3,"name":"Opbergsysteem &#8211; Chemicalie\u00ebn"}]},{"@type":"WebSite","@id":"https:\/\/sednacontainers.wp-test.unframed.app\/#website","url":"https:\/\/sednacontainers.wp-test.unframed.app\/","name":"Sedna Containers","description":"Verkoop en verhuur van allerlei type containers","publisher":{"@id":"https:\/\/sednacontainers.wp-test.unframed.app\/#organization"},"potentialAction":[{"@type":"SearchAction","target":{"@type":"EntryPoint","urlTemplate":"https:\/\/sednacontainers.wp-test.unframed.app\/?s={search_term_string}"},"query-input":"required name=search_term_string"}],"inLanguage":"en-GB"},{"@type":"Organization","@id":"https:\/\/sednacontainers.wp-test.unframed.app\/#organization","name":"SEDNA Containers","url":"https:\/\/sednacontainers.wp-test.unframed.app\/","logo":{"@type":"ImageObject","inLanguage":"en-GB","@id":"https:\/\/sednacontainers.wp-test.unframed.app\/#\/schema\/logo\/image\/","url":"https:\/\/www.sednacontainers.com\/wp-content\/uploads\/2022\/05\/Sedna-S-logo.jpg","contentUrl":"https:\/\/www.sednacontainers.com\/wp-content\/uploads\/2022\/05\/Sedna-S-logo.jpg","width":306,"height":345,"caption":"SEDNA Containers"},"image":{"@id":"https:\/\/sednacontainers.wp-test.unframed.app\/#\/schema\/logo\/image\/"},"sameAs":["https:\/\/www.facebook.com\/SEDNAcontainers\/","https:\/\/www.linkedin.com\/company\/sedna-containers-b-v-\/"]}]}},"_links":{"self":[{"href":"https:\/\/sednacontainers.wp-test.unframed.app\/en\/wp-json\/wp\/v2\/product\/7594"}],"collection":[{"href":"https:\/\/sednacontainers.wp-test.unframed.app\/en\/wp-json\/wp\/v2\/product"}],"about":[{"href":"https:\/\/sednacontainers.wp-test.unframed.app\/en\/wp-json\/wp\/v2\/types\/product"}],"replies":[{"embeddable":true,"href":"https:\/\/sednacontainers.wp-test.unframed.app\/en\/wp-json\/wp\/v2\/comments?post=7594"}],"wp:featuredmedia":[{"embeddable":true,"href":"https:\/\/sednacontainers.wp-test.unframed.app\/en\/wp-json\/wp\/v2\/media\/6758"}],"wp:attachment":[{"href":"https:\/\/sednacontainers.wp-test.unframed.app\/en\/wp-json\/wp\/v2\/media?parent=7594"}],"wp:term":[{"taxonomy":"product_cat","embeddable":true,"href":"https:\/\/sednacontainers.wp-test.unframed.app\/en\/wp-json\/wp\/v2\/product_cat?post=7594"},{"taxonomy":"product_tag","embeddable":true,"href":"https:\/\/sednacontainers.wp-test.unframed.app\/en\/wp-json\/wp\/v2\/product_tag?post=7594"},{"taxonomy":"kopen_of_huren_tax","embeddable":true,"href":"https:\/\/sednacontainers.wp-test.unframed.app\/en\/wp-json\/wp\/v2\/kopen_of_huren_tax?post=7594"},{"taxonomy":"lengte","embeddable":true,"href":"https:\/\/sednacontainers.wp-test.unframed.app\/en\/wp-json\/wp\/v2\/lengte?post=7594"},{"taxonomy":"nieuw_of_gebruikt_tax","embeddable":true,"href":"https:\/\/sednacontainers.wp-test.unframed.app\/en\/wp-json\/wp\/v2\/nieuw_of_gebruikt_tax?post=7594"},{"taxonomy":"locatie","embeddable":true,"href":"https:\/\/sednacontainers.wp-test.unframed.app\/en\/wp-json\/wp\/v2\/locatie?post=7594"}],"curies":[{"name":"wp","href":"https:\/\/api.w.org\/{rel}","templated":true}]}}